{"id":144960,"date":"2022-07-03T06:08:45","date_gmt":"2022-07-03T06:08:45","guid":{"rendered":"https:\/\/vertica-labs.com\/de\/?page_id=144960"},"modified":"2023-11-01T09:52:22","modified_gmt":"2023-11-01T09:52:22","slug":"impotence","status":"publish","type":"page","link":"https:\/\/vertica-labs.com\/de\/impotence\/","title":{"rendered":"Impotenz &#8211; Der ultimative Leitfaden mit den aktuellsten Informationen"},"content":{"rendered":"<h2>Was ist Impotenz?<\/h2>\n<p><strong>Der Ursprung des Wortes Impotenz<\/strong> &#8211; historisch gesehen leitet sich das Wort Impotenz vom lateinischen Wort &#8220;impotencia&#8221; ab, was w\u00f6rtlich &#8220;Mangel an Macht&#8221; bedeutet (einschlie\u00dflich Mangel an sexueller Macht). Im Laufe der Geschichte wurde Impotenz mit Geisteskrankheiten, Angstzust\u00e4nden, D\u00e4monen oder Hexen in Verbindung gebracht. In der griechischen Zeit umfasste die Behandlung von Impotenz eine breite Palette von Arzneimitteln auf pflanzlicher Basis, die \u00e4u\u00dferlich aufgetragen wurden, um die sexuelle Kraft des Patienten zu steigern. <sup><a id=\"ref1\" href=\"#fn1\">1<\/a><\/sup><\/p>\n<p>Die moderne W\u00f6rterbuchdefinition &#8211; nach dem Mariam Webster W\u00f6rterbuch, ist der Begriff Impotenz weit gefasst und umfasst die folgenden zwei Interpretationen (die erste ist eine allgemeine und die zweite bezieht sich auf ein medizinisches Problem):<\/p>\n<p>1)\u00a0 \u00a0 \u00a0 \u00a0 &#8220;nicht potent: ohne Kraft, St\u00e4rke oder Elan: Schw\u00e4che&#8221;<\/p>\n<p>2)\u00a0 \u00a0 \u00a0 \u00a0&#8220;ein anormaler physischer oder psychischer Zustand eines Mannes, der durch die Unf\u00e4higkeit zum Geschlechtsverkehr gekennzeichnet ist, weil er keine Erektion haben oder aufrechterhalten kann: erektile Dysfunktion&#8221;.<\/p>\n<p><strong>Synonyme<\/strong> &#8211; das Wort Impotenz hat eine Vielzahl von Synonymen, sowohl in der medizinischen als auch in der popul\u00e4ren Fachsprache, wie zum Beispiel:<\/p>\n<p>1)\u00a0 \u00a0 \u00a0 \u00a0 Medizinischer Fachjargon &#8211; erektile Dysfunktion, sexuelle Dysfunktion<\/p>\n<p>2)\u00a0 \u00a0 \u00a0 Umgangssprachlich: Unf\u00e4higkeit, Unverm\u00f6gen, Unf\u00e4higkeit, Inkompetenz, Untauglichkeit, Unzul\u00e4nglichkeit, Unwirksamkeit, Ohnmacht, Hilflosigkeit, Schw\u00e4che<\/p>\n<p><strong>Der Unterschied zwischen erektiler Dysfunktion (ED) und Impotenz<\/strong> &#8211; in der Vergangenheit war es \u00fcblich, die Begriffe &#8220;Impotenz&#8221; und &#8220;sexuelle Dysfunktion&#8221; austauschbar zu verwenden, um die verschiedenen Probleme im Zusammenhang mit jeder der vier Phasen der m\u00e4nnlichen sexuellen Aktivit\u00e4t zu beschreiben (1. sexuelles Verlangen\/Libido, 2. sexuelle Erregung\/Errektion, 3. Orgasmus, 4. Heutzutage wird der Begriff Impotenz in der medizinischen Terminologie jedoch kaum noch verwendet, da er negativ besetzt ist. Der medizinische Begriff &#8220;Erektile Dysfunktion&#8221; hingegen bezieht sich auf ein Problem in einer der vier Phasen der m\u00e4nnlichen sexuellen Aktivit\u00e4t. Seine medizinische Definition lautet: &#8220;die andauernde (chronische) Unf\u00e4higkeit, eine f\u00fcr einen befriedigenden Geschlechtsverkehr ausreichende Erektion zu erreichen und aufrechtzuerhalten.&#8221;<\/p>\n<p><strong><a href=\"https:\/\/vertica-labs.com\/de\/blog\/impotence-and-erectile-dysfunction-how-are-they-related-and-what-are-the-differences-between-them\/\">Weitere Informationen \u00fcber den Unterschied zwischen Impotenz und ED<\/a>\u00bb<\/strong><\/p>\n<p><strong>Der Unterschied zwischen Impotenz und Sterilit\u00e4t\/Unfruchtbarkeit<\/strong> &#8211; Impotenz und Sterilit\u00e4t sind zwei Probleme, die sich auf die sexuelle Gesundheit des Mannes und seine F\u00e4higkeit, Kinder zu bekommen, auswirken k\u00f6nnen, allerdings auf unterschiedliche Weise. Impotenz bezeichnet die Unf\u00e4higkeit, eine Erektion zu bekommen oder aufrechtzuerhalten, die f\u00fcr eine Penetration ausreicht, und macht es somit unm\u00f6glich, einen vollst\u00e4ndigen Geschlechtsverkehr zu haben. Sterilit\u00e4t bzw. Unfruchtbarkeit hingegen bedeutet, dass der Mann keine Spermien produzieren oder freisetzen kann.<\/p>\n<p>&nbsp;<\/p>\n<h2>Was sind die Ursachen von Impotenz?<\/h2>\n<p>Zu den Gr\u00fcnden f\u00fcr Impotenz z\u00e4hlen k\u00f6rperliche oder psychologische\/emotionale (psychogene) Faktoren oder eine Kombination aus beiden. <sup><a id=\"ref2\" href=\"#fn2\">2<\/a><\/sup> Es ist wichtig, die Ursachen der Impotenz medizinisch zu diagnostizieren, um die wirksamste Behandlung zu erhalten.<\/p>\n<h3><strong>Physische Ursachen der Impotenz:<\/strong><\/h3>\n<ul>\n<li><strong>Vaskul\u00e4re Probleme<\/strong> \u2013 i) eine Verminderung der Blutzufuhr zum Penis, da die Arterien, die ihn mit Blut versorgen, verengt werden<sup><a id=\"ref3\" href=\"#fn3\">3<\/a><\/sup> oder ii) ein Problem im Gef\u00e4\u00dfsystem, das dazu f\u00fchrt, dass das Blut w\u00e4hrend der Erektion zu schnell aus dem Penis abflie\u00dft.<\/li>\n<li><strong>Probleme im zentralen oder peripheren Nervensystem<\/strong> \u2013 Krankheiten wie Multiple Sklerose, Parkinson oder Schlaganfall sowie Bandscheibenvorf\u00e4lle oder R\u00fcckenmarkssch\u00e4den, wodurch die F\u00e4higkeit des Gehirns, sexuelle Erregungssignale an das Fortpflanzungssystem weiterzuleiten, beeintr\u00e4chtigt wird.<\/li>\n<li><strong>Diabetes<\/strong><\/li>\n<li><strong>Prostatavergr\u00f6\u00dferung<\/strong><\/li>\n<li><strong>Hormonell bedingte Ursachen<\/strong> \u2013 beispielsweise ein R\u00fcckgang der Testosteronproduktion (das m\u00e4nnliche Sexualhormon)<\/li>\n<li><strong>Anatomische Ver\u00e4nderungen<\/strong> \u2013 z. B. durch ein Trauma oder die Peyronie-Krankheit verursacht<\/li>\n<li><strong>Die Einnahme von Medikamenten<\/strong> \u2013 wie Antihypertensiva, Diuretika, Antidepressiva und mehr<\/li>\n<li><strong>Alkohol- und Drogenmissbrauch<\/strong><\/li>\n<li><strong>Radfahren \u00fcber lange Strecken<\/strong> &#8211; wo Druck auf die zum Penis f\u00fchrenden Nerven die Nervenfunktion beeintr\u00e4chtigt.<\/li>\n<\/ul>\n<h3>Psychologische Ursachen von Impotenz:<\/h3>\n<ul>\n<li><strong>Leistungsangst<\/strong> \u2013 wenn eine zuf\u00e4llige Episode von Impotenz wiederholte Angst vor einem erneuten Auftreten der ED ausl\u00f6st.<\/li>\n<li><strong>Unterschiedliche psychologische Zust\u00e4nde<\/strong> &#8211; dazu geh\u00f6ren Stress, \u00c4ngste, Beziehungs- oder Intimit\u00e4tsprobleme, Depressionen und vieles mehr.<\/li>\n<\/ul>\n<p><strong>Weitere Informationen \u00fcber die Ursachen von Impotenz \u00bb<\/strong><\/p>\n<p>&nbsp;<\/p>\n<h2><strong>Was sind die Ursachen von Impotenz?<\/strong><\/h2>\n<p>Es gibt 3 Arten der Behandlung von Impotenz:<\/p>\n<h3>Erstlinientherapie bei Impotenz &#8211; orale Medikamente<\/h3>\n<p>In Israel gibt es 3 verschiedene verschreibungspflichtige Medikamente zur Behandlung von ED, die alle zur gleichen Medikamentenklasse, den so genannten &#8220;PDE5-Hemmern&#8221;, geh\u00f6ren. Sie werden 1-2 Stunden vor dem Geschlechtsverkehr eingenommen (je nach Medikament) und erh\u00f6hen den Blutfluss zum Penis, wodurch eine Erektion entsteht.<\/p>\n<p>&nbsp;<\/p>\n<h3>Zweitlinientherapie bei Impotenz &#8211; Vakuumger\u00e4te und Penisinjektionen<\/h3>\n<ul>\n<li><strong>Vakuumvorrichtungen<\/strong> &#8211; Verwendung eines Ger\u00e4ts, in das der Penis eingef\u00fchrt wird, wodurch ein Unterdruck entsteht, der das Blut in den Penis zieht. Ein elastisches Band wird dann an der Basis des Penis angebracht, um die Erektion aufrechtzuerhalten.<\/li>\n<li><strong>Penisinjektionen<\/strong> &#8211; sie bewirken eine Gef\u00e4\u00dferweiterung und eine Entspannung der glatten Muskulatur in den Schwellk\u00f6rpern, was zu einem verst\u00e4rkten Blutfluss in den Penis f\u00fchrt.<\/li>\n<\/ul>\n<h3><\/h3>\n<h3>Therapie der dritten Wahl bei Impotenz &#8211; Operation<\/h3>\n<ul>\n<li><strong>Penisimplantat<\/strong> \u2013 welches durch einen Einschnitt im Hodensack in den Penis eingef\u00fchrt wird. Es gibt halbstarre Implantate, die f\u00fcr eine dauerhafte Steifheit sorgen und aufblasbare Implantate, die es dem Penis erm\u00f6glichen, den ganzen Tag \u00fcber schlaff zu bleiben.<\/li>\n<li><strong>Operation zur Revaskularisierung des Penis<\/strong> \u2013 wenn die Impotenz durch eine verstopfte Arterie im Penis verursacht wird<\/li>\n<\/ul>\n<p>&nbsp;<\/p>\n<h3>Behandlung der psychogenen Ursachen von Impotenz<\/h3>\n<p>Wenn Impotenz durch Angst, Stress, Unruhe, schlechte Stimmung oder Beziehungsprobleme ausgel\u00f6st wird, kann sie am besten durch Psychotherapie oder Sexualtherapie behandelt werden.<\/p>\n<p>&nbsp;<\/p>\n<h3>Neuartige Behandlungsm\u00f6glichkeiten f\u00fcr Impotenz<\/h3>\n<ul>\n<li><strong>Niederintensive Sto\u00dfwellentherapie<\/strong> &#8211; Einsatz von Sto\u00dfwellen (Schallwellen) mit geringer Intensit\u00e4t, um die Regeneration neuer Blutgef\u00e4\u00dfe und damit die Durchblutung des Penis zu f\u00f6rdern.<\/li>\n<li><strong>Vertica\u00ae Radiofrequenz (RF)-Technologie<\/strong> &#8211; die Verwendung von RF (W\u00e4rmeenergie) zur Verbesserung und Verst\u00e4rkung des nat\u00fcrlichen Erektionsmechanismus. Das Vertica\u00ae-Ger\u00e4t stimuliert die Kollagensynthese in den Schwellk\u00f6rpern und die Regeneration neuer Blutgef\u00e4\u00dfe. Die Behandlung erh\u00f6ht die Durchblutung des Penis und f\u00f6rdert normale spontane Erektionen.<\/li>\n<\/ul>\n<p>&nbsp;<\/p>\n<h2>Die Symptome von Impotenz<\/h2>\n<p>Zu den Symptomen der Impotenz geh\u00f6rt die st\u00e4ndige Unf\u00e4higkeit, eine Erektion zu bekommen, die hart genug f\u00fcr die Penetration beim Geschlechtsverkehr ist oder, wenn eine Erektion erreicht wurde, die wiederkehrende Unf\u00e4higkeit, sie zu halten. Zu den psychologischen Symptomen der Impotenz geh\u00f6ren Angst, Stress, Unsicherheit, geringes Selbstwertgef\u00fchl und sogar Scham. Impotenz kann zu Problemen bei der Entstehung einer Schwangerschaft f\u00fchren, weil es nicht m\u00f6glich ist, beim Geschlechtsverkehr einzudringen.<\/p>\n<p>&nbsp;<\/p>\n<h3>Impotenz &#8211; Medizinische Diagnose und professionelle Beratung<\/h3>\n<p>Die Diagnose der Impotenz wird in der Regel zun\u00e4chst vom Hausarzt gestellt. Er erhebt die pers\u00f6nliche Krankengeschichte des Patienten und erkundigt sich nach seinem psychischen Zustand. Wenn es um die k\u00f6rperlichen Ursachen der Impotenz geht, kann der Hausarzt verschiedene Labortests anordnen (z. B. Blut-, Urin- und Testosterontests sowie Tests zur Feststellung von Grundproblemen wie Diabetes oder Herzerkrankungen) und m\u00f6glicherweise eine Erstbehandlung mit einer Klasse von Medikamenten, den so genannten &#8220;PDE5-Hemmern&#8221;, anbieten. Wenn die Bluttests niedrige Testosteronwerte ergeben, kann der Hausarzt den Patienten an einen Endokrinologen \u00fcberweisen, der auf die Behandlung hormoneller Probleme spezialisiert ist.<\/p>\n<p>Patienten, die nicht gut genug auf die medikament\u00f6se Therapie ansprechen oder bei denen eine medikament\u00f6se Therapie aus medizinischen Gr\u00fcnden nicht m\u00f6glich ist, k\u00f6nnen sich an einen auf erektile Dysfunktion spezialisierten Urologen wenden, der eine Zweitlinientherapie anbieten kann. In F\u00e4llen, in denen eine Drittlinientherapie erforderlich sein k\u00f6nnte, wird der chirurgische Eingriff von einem auf Chirurgie spezialisierten Urologen durchgef\u00fchrt. Ist die Impotenz auf psychische Ursachen zur\u00fcckzuf\u00fchren, kann der Patient an eine Psychotherapie oder eine professionelle Sexualtherapie verwiesen werden. Falls erforderlich, k\u00f6nnen Antidepressiva oder Medikamente gegen Angstzust\u00e4nde vom Hausarzt oder Psychiater verschrieben werden.<\/p>\n<hr \/>\n<p><sup id=\"fn1\">[1]<a title=\"Jump back to footnote 1 in the text.\" href=\"#ref1\">\u21a9<\/a><\/sup>Santoro D, Savica V, Satta E, Scaffidi M, Mallamace A, Li Vecchi M, Bellinghieri G. Impotence in the 18th and 19th century: concepts of etiology and approaches to therapy. J Nephrol. 2009 Nov-Dec;22 Suppl 14:67-70. PMID: 20013735.<\/p>\n<p><sup id=\"fn2\">[2]<a title=\"Jump back to footnote 2 in the text.\" href=\"#ref2\">\u21a9<\/a><\/sup> <a href=\"blank#a5\">https:\/\/emedicine.medscape.com\/article\/444220-overview#a5<\/a><\/p>\n<p><sup id=\"fn3\">[3]<a title=\"Jump back to footnote 3 in the text.\" href=\"#ref3\">\u21a9<\/a><\/sup> Gandaglia G, Briganti A, Jackson G et al. A systematic review of the association between erectile dysfunction and cardiovascular disease. Eur Urol. 2014 (65):968-978.<\/p>\n<hr \/>\n","protected":false},"excerpt":{"rendered":"<p>Was ist Impotenz? Der Ursprung des Wortes Impotenz &#8211; historisch<\/p>\n","protected":false},"author":2,"featured_media":144976,"parent":0,"menu_order":0,"comment_status":"closed","ping_status":"closed","template":"","meta":{"_acf_changed":false,"content-type":"","footnotes":""},"class_list":["post-144960","page","type-page","status-publish","has-post-thumbnail","hentry"],"acf":[],"yoast_head":"<!-- This site is optimized with the Yoast SEO Premium plugin v25.7.1 (Yoast SEO v25.7) - https:\/\/yoast.com\/wordpress\/plugins\/seo\/ -->\n<title>Impotenz - Der ultimative Leitfaden mit den aktuellsten Informationen - de<\/title>\n<meta name=\"description\" content=\"Historisch gesehen leitet sich das Wort &quot;Impotenz&quot; von dem lateinischen Wort &quot;impotencia&quot; ab, was w\u00f6rtlich &quot; Mangel an St\u00e4rke&quot; bedeutet.\" \/>\n<meta name=\"robots\" content=\"index, follow, max-snippet:-1, max-image-preview:large, max-video-preview:-1\" \/>\n<link rel=\"canonical\" href=\"https:\/\/vertica-labs.com\/de\/impotence\/\" \/>\n<meta property=\"og:locale\" content=\"en_US\" \/>\n<meta property=\"og:type\" content=\"article\" \/>\n<meta property=\"og:title\" content=\"Impotenz - Der ultimative Leitfaden mit den aktuellsten Informationen\" \/>\n<meta property=\"og:description\" content=\"Historisch gesehen leitet sich das Wort &quot;Impotenz&quot; von dem lateinischen Wort &quot;impotencia&quot; ab, was w\u00f6rtlich &quot; Mangel an St\u00e4rke&quot; bedeutet.\" \/>\n<meta property=\"og:url\" content=\"https:\/\/vertica-labs.com\/de\/impotence\/\" \/>\n<meta property=\"og:site_name\" content=\"de\" \/>\n<meta property=\"article:publisher\" content=\"https:\/\/www.facebook.com\/Vertica.labs\/\" \/>\n<meta property=\"article:modified_time\" content=\"2023-11-01T09:52:22+00:00\" \/>\n<meta property=\"og:image\" content=\"https:\/\/vertica-labs.com\/de\/wp-content\/uploads\/sites\/9\/2022\/07\/weakness.jpg\" \/>\n\t<meta property=\"og:image:width\" content=\"573\" \/>\n\t<meta property=\"og:image:height\" content=\"360\" \/>\n\t<meta property=\"og:image:type\" content=\"image\/jpeg\" \/>\n<meta name=\"twitter:card\" content=\"summary_large_image\" \/>\n<meta name=\"twitter:site\" content=\"@VerticaLabsIL\" \/>\n<meta name=\"twitter:label1\" content=\"Est. reading time\" \/>\n\t<meta name=\"twitter:data1\" content=\"6 minutes\" \/>\n<script type=\"application\/ld+json\" class=\"yoast-schema-graph\">{\"@context\":\"https:\/\/schema.org\",\"@graph\":[{\"@type\":\"WebPage\",\"@id\":\"https:\/\/vertica-labs.com\/de\/impotence\/\",\"url\":\"https:\/\/vertica-labs.com\/de\/impotence\/\",\"name\":\"Impotenz - Der ultimative Leitfaden mit den aktuellsten Informationen - de\",\"isPartOf\":{\"@id\":\"https:\/\/vertica-labs.com\/de\/#website\"},\"primaryImageOfPage\":{\"@id\":\"https:\/\/vertica-labs.com\/de\/impotence\/#primaryimage\"},\"image\":{\"@id\":\"https:\/\/vertica-labs.com\/de\/impotence\/#primaryimage\"},\"thumbnailUrl\":\"https:\/\/vertica-labs.com\/de\/wp-content\/uploads\/sites\/9\/2022\/07\/weakness.jpg\",\"datePublished\":\"2022-07-03T06:08:45+00:00\",\"dateModified\":\"2023-11-01T09:52:22+00:00\",\"description\":\"Historisch gesehen leitet sich das Wort \\\"Impotenz\\\" von dem lateinischen Wort \\\"impotencia\\\" ab, was w\u00f6rtlich \\\" Mangel an St\u00e4rke\\\" bedeutet.\",\"breadcrumb\":{\"@id\":\"https:\/\/vertica-labs.com\/de\/impotence\/#breadcrumb\"},\"inLanguage\":\"en-US\",\"potentialAction\":[{\"@type\":\"ReadAction\",\"target\":[\"https:\/\/vertica-labs.com\/de\/impotence\/\"]}]},{\"@type\":\"ImageObject\",\"inLanguage\":\"en-US\",\"@id\":\"https:\/\/vertica-labs.com\/de\/impotence\/#primaryimage\",\"url\":\"https:\/\/vertica-labs.com\/de\/wp-content\/uploads\/sites\/9\/2022\/07\/weakness.jpg\",\"contentUrl\":\"https:\/\/vertica-labs.com\/de\/wp-content\/uploads\/sites\/9\/2022\/07\/weakness.jpg\",\"width\":573,\"height\":360,\"caption\":\"Impotence\"},{\"@type\":\"BreadcrumbList\",\"@id\":\"https:\/\/vertica-labs.com\/de\/impotence\/#breadcrumb\",\"itemListElement\":[{\"@type\":\"ListItem\",\"position\":1,\"name\":\"Home\",\"item\":\"https:\/\/vertica-labs.com\/de\/\"},{\"@type\":\"ListItem\",\"position\":2,\"name\":\"Impotenz &#8211; Der ultimative Leitfaden mit den aktuellsten Informationen\"}]},{\"@type\":\"WebSite\",\"@id\":\"https:\/\/vertica-labs.com\/de\/#website\",\"url\":\"https:\/\/vertica-labs.com\/de\/\",\"name\":\"de\",\"description\":\"ERLEBEN SIE EREKTILE UNABH\u00c4NGIGKEIT\",\"publisher\":{\"@id\":\"https:\/\/vertica-labs.com\/de\/#organization\"},\"potentialAction\":[{\"@type\":\"SearchAction\",\"target\":{\"@type\":\"EntryPoint\",\"urlTemplate\":\"https:\/\/vertica-labs.com\/de\/?s={search_term_string}\"},\"query-input\":{\"@type\":\"PropertyValueSpecification\",\"valueRequired\":true,\"valueName\":\"search_term_string\"}}],\"inLanguage\":\"en-US\"},{\"@type\":\"Organization\",\"@id\":\"https:\/\/vertica-labs.com\/de\/#organization\",\"name\":\"Vertica\u00ae\",\"url\":\"https:\/\/vertica-labs.com\/de\/\",\"logo\":{\"@type\":\"ImageObject\",\"inLanguage\":\"en-US\",\"@id\":\"https:\/\/vertica-labs.com\/de\/#\/schema\/logo\/image\/\",\"url\":\"https:\/\/vertica-labs.com\/de\/wp-content\/uploads\/sites\/13\/2022\/04\/vertica.png\",\"contentUrl\":\"https:\/\/vertica-labs.com\/de\/wp-content\/uploads\/sites\/13\/2022\/04\/vertica.png\",\"width\":180,\"height\":180,\"caption\":\"Vertica\u00ae\"},\"image\":{\"@id\":\"https:\/\/vertica-labs.com\/de\/#\/schema\/logo\/image\/\"},\"sameAs\":[\"https:\/\/www.facebook.com\/Vertica.labs\/\",\"https:\/\/x.com\/VerticaLabsIL\",\"https:\/\/www.instagram.com\/vertica_labs\/\",\"https:\/\/www.linkedin.com\/company\/ohhmed\/\",\"https:\/\/www.youtube.com\/channel\/UCbyWJR4i1Kl5AsmpM1dDxfA\"]}]}<\/script>\n<!-- \/ Yoast SEO Premium plugin. -->","yoast_head_json":{"title":"Impotenz - Der ultimative Leitfaden mit den aktuellsten Informationen - de","description":"Historisch gesehen leitet sich das Wort \"Impotenz\" von dem lateinischen Wort \"impotencia\" ab, was w\u00f6rtlich \" Mangel an St\u00e4rke\" bedeutet.","robots":{"index":"index","follow":"follow","max-snippet":"max-snippet:-1","max-image-preview":"max-image-preview:large","max-video-preview":"max-video-preview:-1"},"canonical":"https:\/\/vertica-labs.com\/de\/impotence\/","og_locale":"en_US","og_type":"article","og_title":"Impotenz - Der ultimative Leitfaden mit den aktuellsten Informationen","og_description":"Historisch gesehen leitet sich das Wort \"Impotenz\" von dem lateinischen Wort \"impotencia\" ab, was w\u00f6rtlich \" Mangel an St\u00e4rke\" bedeutet.","og_url":"https:\/\/vertica-labs.com\/de\/impotence\/","og_site_name":"de","article_publisher":"https:\/\/www.facebook.com\/Vertica.labs\/","article_modified_time":"2023-11-01T09:52:22+00:00","og_image":[{"width":573,"height":360,"url":"https:\/\/vertica-labs.com\/de\/wp-content\/uploads\/sites\/9\/2022\/07\/weakness.jpg","type":"image\/jpeg"}],"twitter_card":"summary_large_image","twitter_site":"@VerticaLabsIL","twitter_misc":{"Est. reading time":"6 minutes"},"schema":{"@context":"https:\/\/schema.org","@graph":[{"@type":"WebPage","@id":"https:\/\/vertica-labs.com\/de\/impotence\/","url":"https:\/\/vertica-labs.com\/de\/impotence\/","name":"Impotenz - Der ultimative Leitfaden mit den aktuellsten Informationen - de","isPartOf":{"@id":"https:\/\/vertica-labs.com\/de\/#website"},"primaryImageOfPage":{"@id":"https:\/\/vertica-labs.com\/de\/impotence\/#primaryimage"},"image":{"@id":"https:\/\/vertica-labs.com\/de\/impotence\/#primaryimage"},"thumbnailUrl":"https:\/\/vertica-labs.com\/de\/wp-content\/uploads\/sites\/9\/2022\/07\/weakness.jpg","datePublished":"2022-07-03T06:08:45+00:00","dateModified":"2023-11-01T09:52:22+00:00","description":"Historisch gesehen leitet sich das Wort \"Impotenz\" von dem lateinischen Wort \"impotencia\" ab, was w\u00f6rtlich \" Mangel an St\u00e4rke\" bedeutet.","breadcrumb":{"@id":"https:\/\/vertica-labs.com\/de\/impotence\/#breadcrumb"},"inLanguage":"en-US","potentialAction":[{"@type":"ReadAction","target":["https:\/\/vertica-labs.com\/de\/impotence\/"]}]},{"@type":"ImageObject","inLanguage":"en-US","@id":"https:\/\/vertica-labs.com\/de\/impotence\/#primaryimage","url":"https:\/\/vertica-labs.com\/de\/wp-content\/uploads\/sites\/9\/2022\/07\/weakness.jpg","contentUrl":"https:\/\/vertica-labs.com\/de\/wp-content\/uploads\/sites\/9\/2022\/07\/weakness.jpg","width":573,"height":360,"caption":"Impotence"},{"@type":"BreadcrumbList","@id":"https:\/\/vertica-labs.com\/de\/impotence\/#breadcrumb","itemListElement":[{"@type":"ListItem","position":1,"name":"Home","item":"https:\/\/vertica-labs.com\/de\/"},{"@type":"ListItem","position":2,"name":"Impotenz &#8211; Der ultimative Leitfaden mit den aktuellsten Informationen"}]},{"@type":"WebSite","@id":"https:\/\/vertica-labs.com\/de\/#website","url":"https:\/\/vertica-labs.com\/de\/","name":"de","description":"ERLEBEN SIE EREKTILE UNABH\u00c4NGIGKEIT","publisher":{"@id":"https:\/\/vertica-labs.com\/de\/#organization"},"potentialAction":[{"@type":"SearchAction","target":{"@type":"EntryPoint","urlTemplate":"https:\/\/vertica-labs.com\/de\/?s={search_term_string}"},"query-input":{"@type":"PropertyValueSpecification","valueRequired":true,"valueName":"search_term_string"}}],"inLanguage":"en-US"},{"@type":"Organization","@id":"https:\/\/vertica-labs.com\/de\/#organization","name":"Vertica\u00ae","url":"https:\/\/vertica-labs.com\/de\/","logo":{"@type":"ImageObject","inLanguage":"en-US","@id":"https:\/\/vertica-labs.com\/de\/#\/schema\/logo\/image\/","url":"https:\/\/vertica-labs.com\/de\/wp-content\/uploads\/sites\/13\/2022\/04\/vertica.png","contentUrl":"https:\/\/vertica-labs.com\/de\/wp-content\/uploads\/sites\/13\/2022\/04\/vertica.png","width":180,"height":180,"caption":"Vertica\u00ae"},"image":{"@id":"https:\/\/vertica-labs.com\/de\/#\/schema\/logo\/image\/"},"sameAs":["https:\/\/www.facebook.com\/Vertica.labs\/","https:\/\/x.com\/VerticaLabsIL","https:\/\/www.instagram.com\/vertica_labs\/","https:\/\/www.linkedin.com\/company\/ohhmed\/","https:\/\/www.youtube.com\/channel\/UCbyWJR4i1Kl5AsmpM1dDxfA"]}]}},"_links":{"self":[{"href":"https:\/\/vertica-labs.com\/de\/wp-json\/wp\/v2\/pages\/144960","targetHints":{"allow":["GET"]}}],"collection":[{"href":"https:\/\/vertica-labs.com\/de\/wp-json\/wp\/v2\/pages"}],"about":[{"href":"https:\/\/vertica-labs.com\/de\/wp-json\/wp\/v2\/types\/page"}],"author":[{"embeddable":true,"href":"https:\/\/vertica-labs.com\/de\/wp-json\/wp\/v2\/users\/2"}],"replies":[{"embeddable":true,"href":"https:\/\/vertica-labs.com\/de\/wp-json\/wp\/v2\/comments?post=144960"}],"version-history":[{"count":44,"href":"https:\/\/vertica-labs.com\/de\/wp-json\/wp\/v2\/pages\/144960\/revisions"}],"predecessor-version":[{"id":181184,"href":"https:\/\/vertica-labs.com\/de\/wp-json\/wp\/v2\/pages\/144960\/revisions\/181184"}],"wp:featuredmedia":[{"embeddable":true,"href":"https:\/\/vertica-labs.com\/de\/wp-json\/wp\/v2\/media\/144976"}],"wp:attachment":[{"href":"https:\/\/vertica-labs.com\/de\/wp-json\/wp\/v2\/media?parent=144960"}],"curies":[{"name":"wp","href":"https:\/\/api.w.org\/{rel}","templated":true}]}}