{"id":198,"date":"2021-07-15T09:47:33","date_gmt":"2021-07-15T09:47:33","guid":{"rendered":"https:\/\/vertica-labs.com\/de\/?page_id=198"},"modified":"2023-11-01T09:51:48","modified_gmt":"2023-11-01T09:51:48","slug":"frequently-asked-questions","status":"publish","type":"page","link":"https:\/\/vertica-labs.com\/de\/frequently-asked-questions\/","title":{"rendered":"H\u00e4ufig gestellte Fragen FAQs"},"content":{"rendered":"<h1>Eine Reihe von h\u00e4ufig gestellten Fragen zu Vertica<\/h1>\n","protected":false},"excerpt":{"rendered":"<p>Eine Reihe von h\u00e4ufig gestellten Fragen zu Vertica<\/p>\n","protected":false},"author":1,"featured_media":0,"parent":0,"menu_order":0,"comment_status":"closed","ping_status":"closed","template":"page-questions-answers.php","meta":{"_acf_changed":false,"content-type":"","footnotes":""},"class_list":["post-198","page","type-page","status-publish","hentry"],"acf":[],"yoast_head":"<!-- This site is optimized with the Yoast SEO Premium plugin v25.7.1 (Yoast SEO v25.7) - https:\/\/yoast.com\/wordpress\/plugins\/seo\/ -->\n<title>FAQ - Sie fragen, wir antworten - de<\/title>\n<meta name=\"description\" content=\"Eine Reihe von h\u00e4ufig gestellten Fragen \u00fcber die medizinische L\u00f6sung, erektile Dysfunktion zu behandeln und Erektionen zu verbessern.\" \/>\n<meta name=\"robots\" content=\"index, follow, max-snippet:-1, max-image-preview:large, max-video-preview:-1\" \/>\n<link rel=\"canonical\" href=\"https:\/\/vertica-labs.com\/de\/frequently-asked-questions\/\" \/>\n<meta property=\"og:locale\" content=\"en_US\" \/>\n<meta property=\"og:type\" content=\"article\" \/>\n<meta property=\"og:title\" content=\"H\u00e4ufig gestellte Fragen FAQs\" \/>\n<meta property=\"og:description\" content=\"Eine Reihe von h\u00e4ufig gestellten Fragen \u00fcber die medizinische L\u00f6sung, erektile Dysfunktion zu behandeln und Erektionen zu verbessern.\" \/>\n<meta property=\"og:url\" content=\"https:\/\/vertica-labs.com\/de\/frequently-asked-questions\/\" \/>\n<meta property=\"og:site_name\" content=\"de\" \/>\n<meta property=\"article:publisher\" content=\"https:\/\/www.facebook.com\/Vertica.labs\/\" \/>\n<meta property=\"article:modified_time\" content=\"2023-11-01T09:51:48+00:00\" \/>\n<meta property=\"og:image\" content=\"https:\/\/vertica-labs.com\/de\/wp-content\/uploads\/sites\/9\/2021\/11\/IMG_0240-1.jpg\" \/>\n\t<meta property=\"og:image:width\" content=\"980\" \/>\n\t<meta property=\"og:image:height\" content=\"653\" \/>\n\t<meta property=\"og:image:type\" content=\"image\/jpeg\" \/>\n<meta name=\"twitter:card\" content=\"summary_large_image\" \/>\n<meta name=\"twitter:site\" content=\"@VerticaLabsIL\" \/>\n<meta name=\"twitter:label1\" content=\"Est. reading time\" \/>\n\t<meta name=\"twitter:data1\" content=\"1 minute\" \/>\n<script type=\"application\/ld+json\" class=\"yoast-schema-graph\">{\"@context\":\"https:\/\/schema.org\",\"@graph\":[{\"@type\":\"WebPage\",\"@id\":\"https:\/\/vertica-labs.com\/de\/frequently-asked-questions\/\",\"url\":\"https:\/\/vertica-labs.com\/de\/frequently-asked-questions\/\",\"name\":\"FAQ - Sie fragen, wir antworten - de\",\"isPartOf\":{\"@id\":\"https:\/\/vertica-labs.com\/de\/#website\"},\"datePublished\":\"2021-07-15T09:47:33+00:00\",\"dateModified\":\"2023-11-01T09:51:48+00:00\",\"description\":\"Eine Reihe von h\u00e4ufig gestellten Fragen \u00fcber die medizinische L\u00f6sung, erektile Dysfunktion zu behandeln und Erektionen zu verbessern.\",\"breadcrumb\":{\"@id\":\"https:\/\/vertica-labs.com\/de\/frequently-asked-questions\/#breadcrumb\"},\"inLanguage\":\"en-US\",\"potentialAction\":[{\"@type\":\"ReadAction\",\"target\":[\"https:\/\/vertica-labs.com\/de\/frequently-asked-questions\/\"]}]},{\"@type\":\"BreadcrumbList\",\"@id\":\"https:\/\/vertica-labs.com\/de\/frequently-asked-questions\/#breadcrumb\",\"itemListElement\":[{\"@type\":\"ListItem\",\"position\":1,\"name\":\"Home\",\"item\":\"https:\/\/vertica-labs.com\/de\/\"},{\"@type\":\"ListItem\",\"position\":2,\"name\":\"H\u00e4ufig gestellte Fragen FAQs\"}]},{\"@type\":\"WebSite\",\"@id\":\"https:\/\/vertica-labs.com\/de\/#website\",\"url\":\"https:\/\/vertica-labs.com\/de\/\",\"name\":\"de\",\"description\":\"ERLEBEN SIE EREKTILE UNABH\u00c4NGIGKEIT\",\"publisher\":{\"@id\":\"https:\/\/vertica-labs.com\/de\/#organization\"},\"potentialAction\":[{\"@type\":\"SearchAction\",\"target\":{\"@type\":\"EntryPoint\",\"urlTemplate\":\"https:\/\/vertica-labs.com\/de\/?s={search_term_string}\"},\"query-input\":{\"@type\":\"PropertyValueSpecification\",\"valueRequired\":true,\"valueName\":\"search_term_string\"}}],\"inLanguage\":\"en-US\"},{\"@type\":\"Organization\",\"@id\":\"https:\/\/vertica-labs.com\/de\/#organization\",\"name\":\"Vertica\u00ae\",\"url\":\"https:\/\/vertica-labs.com\/de\/\",\"logo\":{\"@type\":\"ImageObject\",\"inLanguage\":\"en-US\",\"@id\":\"https:\/\/vertica-labs.com\/de\/#\/schema\/logo\/image\/\",\"url\":\"https:\/\/vertica-labs.com\/de\/wp-content\/uploads\/sites\/13\/2022\/04\/vertica.png\",\"contentUrl\":\"https:\/\/vertica-labs.com\/de\/wp-content\/uploads\/sites\/13\/2022\/04\/vertica.png\",\"width\":180,\"height\":180,\"caption\":\"Vertica\u00ae\"},\"image\":{\"@id\":\"https:\/\/vertica-labs.com\/de\/#\/schema\/logo\/image\/\"},\"sameAs\":[\"https:\/\/www.facebook.com\/Vertica.labs\/\",\"https:\/\/x.com\/VerticaLabsIL\",\"https:\/\/www.instagram.com\/vertica_labs\/\",\"https:\/\/www.linkedin.com\/company\/ohhmed\/\",\"https:\/\/www.youtube.com\/channel\/UCbyWJR4i1Kl5AsmpM1dDxfA\"]}]}<\/script>\n<!-- \/ Yoast SEO Premium plugin. -->","yoast_head_json":{"title":"FAQ - Sie fragen, wir antworten - de","description":"Eine Reihe von h\u00e4ufig gestellten Fragen \u00fcber die medizinische L\u00f6sung, erektile Dysfunktion zu behandeln und Erektionen zu verbessern.","robots":{"index":"index","follow":"follow","max-snippet":"max-snippet:-1","max-image-preview":"max-image-preview:large","max-video-preview":"max-video-preview:-1"},"canonical":"https:\/\/vertica-labs.com\/de\/frequently-asked-questions\/","og_locale":"en_US","og_type":"article","og_title":"H\u00e4ufig gestellte Fragen FAQs","og_description":"Eine Reihe von h\u00e4ufig gestellten Fragen \u00fcber die medizinische L\u00f6sung, erektile Dysfunktion zu behandeln und Erektionen zu verbessern.","og_url":"https:\/\/vertica-labs.com\/de\/frequently-asked-questions\/","og_site_name":"de","article_publisher":"https:\/\/www.facebook.com\/Vertica.labs\/","article_modified_time":"2023-11-01T09:51:48+00:00","og_image":[{"width":980,"height":653,"url":"https:\/\/vertica-labs.com\/de\/wp-content\/uploads\/sites\/9\/2021\/11\/IMG_0240-1.jpg","type":"image\/jpeg"}],"twitter_card":"summary_large_image","twitter_site":"@VerticaLabsIL","twitter_misc":{"Est. reading time":"1 minute"},"schema":{"@context":"https:\/\/schema.org","@graph":[{"@type":"WebPage","@id":"https:\/\/vertica-labs.com\/de\/frequently-asked-questions\/","url":"https:\/\/vertica-labs.com\/de\/frequently-asked-questions\/","name":"FAQ - Sie fragen, wir antworten - de","isPartOf":{"@id":"https:\/\/vertica-labs.com\/de\/#website"},"datePublished":"2021-07-15T09:47:33+00:00","dateModified":"2023-11-01T09:51:48+00:00","description":"Eine Reihe von h\u00e4ufig gestellten Fragen \u00fcber die medizinische L\u00f6sung, erektile Dysfunktion zu behandeln und Erektionen zu verbessern.","breadcrumb":{"@id":"https:\/\/vertica-labs.com\/de\/frequently-asked-questions\/#breadcrumb"},"inLanguage":"en-US","potentialAction":[{"@type":"ReadAction","target":["https:\/\/vertica-labs.com\/de\/frequently-asked-questions\/"]}]},{"@type":"BreadcrumbList","@id":"https:\/\/vertica-labs.com\/de\/frequently-asked-questions\/#breadcrumb","itemListElement":[{"@type":"ListItem","position":1,"name":"Home","item":"https:\/\/vertica-labs.com\/de\/"},{"@type":"ListItem","position":2,"name":"H\u00e4ufig gestellte Fragen FAQs"}]},{"@type":"WebSite","@id":"https:\/\/vertica-labs.com\/de\/#website","url":"https:\/\/vertica-labs.com\/de\/","name":"de","description":"ERLEBEN SIE EREKTILE UNABH\u00c4NGIGKEIT","publisher":{"@id":"https:\/\/vertica-labs.com\/de\/#organization"},"potentialAction":[{"@type":"SearchAction","target":{"@type":"EntryPoint","urlTemplate":"https:\/\/vertica-labs.com\/de\/?s={search_term_string}"},"query-input":{"@type":"PropertyValueSpecification","valueRequired":true,"valueName":"search_term_string"}}],"inLanguage":"en-US"},{"@type":"Organization","@id":"https:\/\/vertica-labs.com\/de\/#organization","name":"Vertica\u00ae","url":"https:\/\/vertica-labs.com\/de\/","logo":{"@type":"ImageObject","inLanguage":"en-US","@id":"https:\/\/vertica-labs.com\/de\/#\/schema\/logo\/image\/","url":"https:\/\/vertica-labs.com\/de\/wp-content\/uploads\/sites\/13\/2022\/04\/vertica.png","contentUrl":"https:\/\/vertica-labs.com\/de\/wp-content\/uploads\/sites\/13\/2022\/04\/vertica.png","width":180,"height":180,"caption":"Vertica\u00ae"},"image":{"@id":"https:\/\/vertica-labs.com\/de\/#\/schema\/logo\/image\/"},"sameAs":["https:\/\/www.facebook.com\/Vertica.labs\/","https:\/\/x.com\/VerticaLabsIL","https:\/\/www.instagram.com\/vertica_labs\/","https:\/\/www.linkedin.com\/company\/ohhmed\/","https:\/\/www.youtube.com\/channel\/UCbyWJR4i1Kl5AsmpM1dDxfA"]}]}},"_links":{"self":[{"href":"https:\/\/vertica-labs.com\/de\/wp-json\/wp\/v2\/pages\/198","targetHints":{"allow":["GET"]}}],"collection":[{"href":"https:\/\/vertica-labs.com\/de\/wp-json\/wp\/v2\/pages"}],"about":[{"href":"https:\/\/vertica-labs.com\/de\/wp-json\/wp\/v2\/types\/page"}],"author":[{"embeddable":true,"href":"https:\/\/vertica-labs.com\/de\/wp-json\/wp\/v2\/users\/1"}],"replies":[{"embeddable":true,"href":"https:\/\/vertica-labs.com\/de\/wp-json\/wp\/v2\/comments?post=198"}],"version-history":[{"count":36,"href":"https:\/\/vertica-labs.com\/de\/wp-json\/wp\/v2\/pages\/198\/revisions"}],"predecessor-version":[{"id":181182,"href":"https:\/\/vertica-labs.com\/de\/wp-json\/wp\/v2\/pages\/198\/revisions\/181182"}],"wp:attachment":[{"href":"https:\/\/vertica-labs.com\/de\/wp-json\/wp\/v2\/media?parent=198"}],"curies":[{"name":"wp","href":"https:\/\/api.w.org\/{rel}","templated":true}]}}