{"id":447,"date":"2021-08-04T11:31:46","date_gmt":"2021-08-04T11:31:46","guid":{"rendered":"https:\/\/vertica-labs.com\/de\/?page_id=447"},"modified":"2023-11-01T09:54:35","modified_gmt":"2023-11-01T09:54:35","slug":"talk-with-expert","status":"publish","type":"page","link":"https:\/\/vertica-labs.com\/de\/talk-with-expert\/","title":{"rendered":"Sprechen Sie mit einem Vertica\u00ae-Experten"},"content":{"rendered":"<p style=\"text-align: center\">Vereinbaren Sie ein Datum und eine Uhrzeit f\u00fcr ein Beratungsgespr\u00e4ch mit einem Vertica-Experten und informieren Sie sich \u00fcber die Behandlung und Verwendung von Vertica.<br \/>\nSie haben die Wahl: Telefonanruf oder Videokonferenz (Zoom).<\/p>\n<p><!-- Calendly inline widget begin --><\/p>\n<p><!-- Calendly inline widget end --><\/p>\n<p>&nbsp;<\/p>\n<p>Der Anruf dient nicht als Ersatz f\u00fcr professionelle medizinische und gesundheitliche Beratung und stellt keine medizinische Einsch\u00e4tzung oder Meinung dar. Wenden Sie sich bei allen Beschwerden oder Fragen, die Sie zu einer Erkrankung haben, immer an Ihren Arzt oder einen anderen qualifizierten Gesundheitsexperten.<\/p>\n","protected":false},"excerpt":{"rendered":"<p>Vereinbaren Sie ein Datum und eine Uhrzeit f\u00fcr ein Beratungsgespr\u00e4ch<\/p>\n","protected":false},"author":2,"featured_media":0,"parent":0,"menu_order":0,"comment_status":"closed","ping_status":"closed","template":"","meta":{"_acf_changed":false,"content-type":"","footnotes":""},"class_list":["post-447","page","type-page","status-publish","hentry"],"acf":[],"yoast_head":"<!-- This site is optimized with the Yoast SEO Premium plugin v25.7.1 (Yoast SEO v25.7) - https:\/\/yoast.com\/wordpress\/plugins\/seo\/ -->\n<title>Sprechen Sie mit einem Vertica\u00ae-Experten - de<\/title>\n<meta name=\"description\" content=\"Vereinbaren Sie einen Beratungstermin mit einem unserer Vertica\u00ae-Experten. Erfahren Sie mehr \u00fcber die Behandlung und die Vorteile von Vertica\u00ae.\" \/>\n<meta name=\"robots\" content=\"index, follow, max-snippet:-1, max-image-preview:large, max-video-preview:-1\" \/>\n<link rel=\"canonical\" href=\"https:\/\/vertica-labs.com\/de\/talk-with-expert\/\" \/>\n<meta property=\"og:locale\" content=\"en_US\" \/>\n<meta property=\"og:type\" content=\"article\" \/>\n<meta property=\"og:title\" content=\"Sprechen Sie mit einem Vertica\u00ae-Experten\" \/>\n<meta property=\"og:description\" content=\"Vereinbaren Sie einen Beratungstermin mit einem unserer Vertica\u00ae-Experten. Erfahren Sie mehr \u00fcber die Behandlung und die Vorteile von Vertica\u00ae.\" \/>\n<meta property=\"og:url\" content=\"https:\/\/vertica-labs.com\/de\/talk-with-expert\/\" \/>\n<meta property=\"og:site_name\" content=\"de\" \/>\n<meta property=\"article:publisher\" content=\"https:\/\/www.facebook.com\/Vertica.labs\/\" \/>\n<meta property=\"article:modified_time\" content=\"2023-11-01T09:54:35+00:00\" \/>\n<meta property=\"og:image\" content=\"https:\/\/vertica-labs.com\/de\/wp-content\/uploads\/sites\/9\/2021\/11\/IMG_0240-1.jpg\" \/>\n\t<meta property=\"og:image:width\" content=\"980\" \/>\n\t<meta property=\"og:image:height\" content=\"653\" \/>\n\t<meta property=\"og:image:type\" content=\"image\/jpeg\" \/>\n<meta name=\"twitter:card\" content=\"summary_large_image\" \/>\n<meta name=\"twitter:site\" content=\"@VerticaLabsIL\" \/>\n<meta name=\"twitter:label1\" content=\"Est. reading time\" \/>\n\t<meta name=\"twitter:data1\" content=\"1 minute\" \/>\n<script type=\"application\/ld+json\" class=\"yoast-schema-graph\">{\"@context\":\"https:\/\/schema.org\",\"@graph\":[{\"@type\":[\"WebPage\",\"ContactPage\"],\"@id\":\"https:\/\/vertica-labs.com\/de\/talk-with-expert\/\",\"url\":\"https:\/\/vertica-labs.com\/de\/talk-with-expert\/\",\"name\":\"Sprechen Sie mit einem Vertica\u00ae-Experten - de\",\"isPartOf\":{\"@id\":\"https:\/\/vertica-labs.com\/de\/#website\"},\"datePublished\":\"2021-08-04T11:31:46+00:00\",\"dateModified\":\"2023-11-01T09:54:35+00:00\",\"description\":\"Vereinbaren Sie einen Beratungstermin mit einem unserer Vertica\u00ae-Experten. Erfahren Sie mehr \u00fcber die Behandlung und die Vorteile von Vertica\u00ae.\",\"breadcrumb\":{\"@id\":\"https:\/\/vertica-labs.com\/de\/talk-with-expert\/#breadcrumb\"},\"inLanguage\":\"en-US\",\"potentialAction\":[{\"@type\":\"ReadAction\",\"target\":[\"https:\/\/vertica-labs.com\/de\/talk-with-expert\/\"]}]},{\"@type\":\"BreadcrumbList\",\"@id\":\"https:\/\/vertica-labs.com\/de\/talk-with-expert\/#breadcrumb\",\"itemListElement\":[{\"@type\":\"ListItem\",\"position\":1,\"name\":\"Home\",\"item\":\"https:\/\/vertica-labs.com\/de\/\"},{\"@type\":\"ListItem\",\"position\":2,\"name\":\"Sprechen Sie mit einem Vertica\u00ae-Experten\"}]},{\"@type\":\"WebSite\",\"@id\":\"https:\/\/vertica-labs.com\/de\/#website\",\"url\":\"https:\/\/vertica-labs.com\/de\/\",\"name\":\"de\",\"description\":\"ERLEBEN SIE EREKTILE UNABH\u00c4NGIGKEIT\",\"publisher\":{\"@id\":\"https:\/\/vertica-labs.com\/de\/#organization\"},\"potentialAction\":[{\"@type\":\"SearchAction\",\"target\":{\"@type\":\"EntryPoint\",\"urlTemplate\":\"https:\/\/vertica-labs.com\/de\/?s={search_term_string}\"},\"query-input\":{\"@type\":\"PropertyValueSpecification\",\"valueRequired\":true,\"valueName\":\"search_term_string\"}}],\"inLanguage\":\"en-US\"},{\"@type\":\"Organization\",\"@id\":\"https:\/\/vertica-labs.com\/de\/#organization\",\"name\":\"Vertica\u00ae\",\"url\":\"https:\/\/vertica-labs.com\/de\/\",\"logo\":{\"@type\":\"ImageObject\",\"inLanguage\":\"en-US\",\"@id\":\"https:\/\/vertica-labs.com\/de\/#\/schema\/logo\/image\/\",\"url\":\"https:\/\/vertica-labs.com\/de\/wp-content\/uploads\/sites\/13\/2022\/04\/vertica.png\",\"contentUrl\":\"https:\/\/vertica-labs.com\/de\/wp-content\/uploads\/sites\/13\/2022\/04\/vertica.png\",\"width\":180,\"height\":180,\"caption\":\"Vertica\u00ae\"},\"image\":{\"@id\":\"https:\/\/vertica-labs.com\/de\/#\/schema\/logo\/image\/\"},\"sameAs\":[\"https:\/\/www.facebook.com\/Vertica.labs\/\",\"https:\/\/x.com\/VerticaLabsIL\",\"https:\/\/www.instagram.com\/vertica_labs\/\",\"https:\/\/www.linkedin.com\/company\/ohhmed\/\",\"https:\/\/www.youtube.com\/channel\/UCbyWJR4i1Kl5AsmpM1dDxfA\"]}]}<\/script>\n<!-- \/ Yoast SEO Premium plugin. -->","yoast_head_json":{"title":"Sprechen Sie mit einem Vertica\u00ae-Experten - de","description":"Vereinbaren Sie einen Beratungstermin mit einem unserer Vertica\u00ae-Experten. Erfahren Sie mehr \u00fcber die Behandlung und die Vorteile von Vertica\u00ae.","robots":{"index":"index","follow":"follow","max-snippet":"max-snippet:-1","max-image-preview":"max-image-preview:large","max-video-preview":"max-video-preview:-1"},"canonical":"https:\/\/vertica-labs.com\/de\/talk-with-expert\/","og_locale":"en_US","og_type":"article","og_title":"Sprechen Sie mit einem Vertica\u00ae-Experten","og_description":"Vereinbaren Sie einen Beratungstermin mit einem unserer Vertica\u00ae-Experten. Erfahren Sie mehr \u00fcber die Behandlung und die Vorteile von Vertica\u00ae.","og_url":"https:\/\/vertica-labs.com\/de\/talk-with-expert\/","og_site_name":"de","article_publisher":"https:\/\/www.facebook.com\/Vertica.labs\/","article_modified_time":"2023-11-01T09:54:35+00:00","og_image":[{"width":980,"height":653,"url":"https:\/\/vertica-labs.com\/de\/wp-content\/uploads\/sites\/9\/2021\/11\/IMG_0240-1.jpg","type":"image\/jpeg"}],"twitter_card":"summary_large_image","twitter_site":"@VerticaLabsIL","twitter_misc":{"Est. reading time":"1 minute"},"schema":{"@context":"https:\/\/schema.org","@graph":[{"@type":["WebPage","ContactPage"],"@id":"https:\/\/vertica-labs.com\/de\/talk-with-expert\/","url":"https:\/\/vertica-labs.com\/de\/talk-with-expert\/","name":"Sprechen Sie mit einem Vertica\u00ae-Experten - de","isPartOf":{"@id":"https:\/\/vertica-labs.com\/de\/#website"},"datePublished":"2021-08-04T11:31:46+00:00","dateModified":"2023-11-01T09:54:35+00:00","description":"Vereinbaren Sie einen Beratungstermin mit einem unserer Vertica\u00ae-Experten. Erfahren Sie mehr \u00fcber die Behandlung und die Vorteile von Vertica\u00ae.","breadcrumb":{"@id":"https:\/\/vertica-labs.com\/de\/talk-with-expert\/#breadcrumb"},"inLanguage":"en-US","potentialAction":[{"@type":"ReadAction","target":["https:\/\/vertica-labs.com\/de\/talk-with-expert\/"]}]},{"@type":"BreadcrumbList","@id":"https:\/\/vertica-labs.com\/de\/talk-with-expert\/#breadcrumb","itemListElement":[{"@type":"ListItem","position":1,"name":"Home","item":"https:\/\/vertica-labs.com\/de\/"},{"@type":"ListItem","position":2,"name":"Sprechen Sie mit einem Vertica\u00ae-Experten"}]},{"@type":"WebSite","@id":"https:\/\/vertica-labs.com\/de\/#website","url":"https:\/\/vertica-labs.com\/de\/","name":"de","description":"ERLEBEN SIE EREKTILE UNABH\u00c4NGIGKEIT","publisher":{"@id":"https:\/\/vertica-labs.com\/de\/#organization"},"potentialAction":[{"@type":"SearchAction","target":{"@type":"EntryPoint","urlTemplate":"https:\/\/vertica-labs.com\/de\/?s={search_term_string}"},"query-input":{"@type":"PropertyValueSpecification","valueRequired":true,"valueName":"search_term_string"}}],"inLanguage":"en-US"},{"@type":"Organization","@id":"https:\/\/vertica-labs.com\/de\/#organization","name":"Vertica\u00ae","url":"https:\/\/vertica-labs.com\/de\/","logo":{"@type":"ImageObject","inLanguage":"en-US","@id":"https:\/\/vertica-labs.com\/de\/#\/schema\/logo\/image\/","url":"https:\/\/vertica-labs.com\/de\/wp-content\/uploads\/sites\/13\/2022\/04\/vertica.png","contentUrl":"https:\/\/vertica-labs.com\/de\/wp-content\/uploads\/sites\/13\/2022\/04\/vertica.png","width":180,"height":180,"caption":"Vertica\u00ae"},"image":{"@id":"https:\/\/vertica-labs.com\/de\/#\/schema\/logo\/image\/"},"sameAs":["https:\/\/www.facebook.com\/Vertica.labs\/","https:\/\/x.com\/VerticaLabsIL","https:\/\/www.instagram.com\/vertica_labs\/","https:\/\/www.linkedin.com\/company\/ohhmed\/","https:\/\/www.youtube.com\/channel\/UCbyWJR4i1Kl5AsmpM1dDxfA"]}]}},"_links":{"self":[{"href":"https:\/\/vertica-labs.com\/de\/wp-json\/wp\/v2\/pages\/447","targetHints":{"allow":["GET"]}}],"collection":[{"href":"https:\/\/vertica-labs.com\/de\/wp-json\/wp\/v2\/pages"}],"about":[{"href":"https:\/\/vertica-labs.com\/de\/wp-json\/wp\/v2\/types\/page"}],"author":[{"embeddable":true,"href":"https:\/\/vertica-labs.com\/de\/wp-json\/wp\/v2\/users\/2"}],"replies":[{"embeddable":true,"href":"https:\/\/vertica-labs.com\/de\/wp-json\/wp\/v2\/comments?post=447"}],"version-history":[{"count":21,"href":"https:\/\/vertica-labs.com\/de\/wp-json\/wp\/v2\/pages\/447\/revisions"}],"predecessor-version":[{"id":181191,"href":"https:\/\/vertica-labs.com\/de\/wp-json\/wp\/v2\/pages\/447\/revisions\/181191"}],"wp:attachment":[{"href":"https:\/\/vertica-labs.com\/de\/wp-json\/wp\/v2\/media?parent=447"}],"curies":[{"name":"wp","href":"https:\/\/api.w.org\/{rel}","templated":true}]}}