{"id":683,"date":"2021-08-12T10:22:45","date_gmt":"2021-08-12T10:22:45","guid":{"rendered":"https:\/\/vertica-labs.com\/de\/?page_id=683"},"modified":"2026-01-12T19:02:07","modified_gmt":"2026-01-12T19:02:07","slug":"how-to-use","status":"publish","type":"page","link":"https:\/\/vertica-labs.com\/de\/how-to-use\/","title":{"rendered":"Wie man Vertica\u00ae anwendet"},"content":{"rendered":"<p><img decoding=\"async\" class=\"alignnone wp-image-1600 size-full\" src=\"https:\/\/vertica-labs.com\/de\/wp-content\/uploads\/sites\/13\/2021\/11\/New-Project-14.jpg\" alt=\"How to treat by Vertica\" width=\"90%\" \/><\/p>\n","protected":false},"excerpt":{"rendered":"","protected":false},"author":1,"featured_media":0,"parent":0,"menu_order":0,"comment_status":"closed","ping_status":"closed","template":"page-how-to-use.php","meta":{"_acf_changed":false,"content-type":"","footnotes":""},"class_list":["post-683","page","type-page","status-publish","hentry"],"acf":[],"yoast_head":"<!-- This site is optimized with the Yoast SEO Premium plugin v25.7.1 (Yoast SEO v25.7) - https:\/\/yoast.com\/wordpress\/plugins\/seo\/ -->\n<title>Wie man Vertica\u00ae anwendet - de<\/title>\n<meta name=\"description\" content=\"Erfahren Sie, wie Sie Ihren K\u00f6rper trainieren und Ihre Erektion selbst\u00e4ndig und bequem von zu Hause aus verbessern k\u00f6nnen. Mehr erfahren \u00bb\" \/>\n<meta name=\"robots\" content=\"index, follow, max-snippet:-1, max-image-preview:large, max-video-preview:-1\" \/>\n<link rel=\"canonical\" href=\"https:\/\/vertica-labs.com\/de\/how-to-use\/\" \/>\n<meta property=\"og:locale\" content=\"en_US\" \/>\n<meta property=\"og:type\" content=\"article\" \/>\n<meta property=\"og:title\" content=\"Wie man Vertica\u00ae anwendet\" \/>\n<meta property=\"og:description\" content=\"Erfahren Sie, wie Sie Ihren K\u00f6rper trainieren und Ihre Erektion selbst\u00e4ndig und bequem von zu Hause aus verbessern k\u00f6nnen. Mehr erfahren \u00bb\" \/>\n<meta property=\"og:url\" content=\"https:\/\/vertica-labs.com\/de\/how-to-use\/\" \/>\n<meta property=\"og:site_name\" content=\"de\" \/>\n<meta property=\"article:publisher\" content=\"https:\/\/www.facebook.com\/Vertica.labs\/\" \/>\n<meta property=\"article:modified_time\" content=\"2026-01-12T19:02:07+00:00\" \/>\n<meta property=\"og:image\" content=\"https:\/\/vertica-labs.com\/de\/wp-content\/uploads\/sites\/9\/2022\/01\/a_fu.png\" \/>\n\t<meta property=\"og:image:width\" content=\"82\" \/>\n\t<meta property=\"og:image:height\" content=\"82\" \/>\n\t<meta property=\"og:image:type\" content=\"image\/png\" \/>\n<meta name=\"twitter:card\" content=\"summary_large_image\" \/>\n<meta name=\"twitter:site\" content=\"@VerticaLabsIL\" \/>\n<meta name=\"twitter:label1\" content=\"Est. reading time\" \/>\n\t<meta name=\"twitter:data1\" content=\"1 minute\" \/>\n<script type=\"application\/ld+json\" class=\"yoast-schema-graph\">{\"@context\":\"https:\/\/schema.org\",\"@graph\":[{\"@type\":\"WebPage\",\"@id\":\"https:\/\/vertica-labs.com\/de\/how-to-use\/\",\"url\":\"https:\/\/vertica-labs.com\/de\/how-to-use\/\",\"name\":\"Wie man Vertica\u00ae anwendet - de\",\"isPartOf\":{\"@id\":\"https:\/\/vertica-labs.com\/de\/#website\"},\"primaryImageOfPage\":{\"@id\":\"https:\/\/vertica-labs.com\/de\/how-to-use\/#primaryimage\"},\"image\":{\"@id\":\"https:\/\/vertica-labs.com\/de\/how-to-use\/#primaryimage\"},\"thumbnailUrl\":\"https:\/\/vertica-labs.com\/de\/wp-content\/uploads\/sites\/13\/2021\/11\/New-Project-14.jpg\",\"datePublished\":\"2021-08-12T10:22:45+00:00\",\"dateModified\":\"2026-01-12T19:02:07+00:00\",\"description\":\"Erfahren Sie, wie Sie Ihren K\u00f6rper trainieren und Ihre Erektion selbst\u00e4ndig und bequem von zu Hause aus verbessern k\u00f6nnen. Mehr erfahren \u00bb\",\"breadcrumb\":{\"@id\":\"https:\/\/vertica-labs.com\/de\/how-to-use\/#breadcrumb\"},\"inLanguage\":\"en-US\",\"potentialAction\":[{\"@type\":\"ReadAction\",\"target\":[\"https:\/\/vertica-labs.com\/de\/how-to-use\/\"]}]},{\"@type\":\"ImageObject\",\"inLanguage\":\"en-US\",\"@id\":\"https:\/\/vertica-labs.com\/de\/how-to-use\/#primaryimage\",\"url\":\"https:\/\/vertica-labs.com\/de\/wp-content\/uploads\/sites\/9\/2021\/11\/New-Project-14.jpg\",\"contentUrl\":\"https:\/\/vertica-labs.com\/de\/wp-content\/uploads\/sites\/9\/2021\/11\/New-Project-14.jpg\",\"width\":618,\"height\":309,\"caption\":\"Vertica\u00ae image gallery 7\"},{\"@type\":\"BreadcrumbList\",\"@id\":\"https:\/\/vertica-labs.com\/de\/how-to-use\/#breadcrumb\",\"itemListElement\":[{\"@type\":\"ListItem\",\"position\":1,\"name\":\"Home\",\"item\":\"https:\/\/vertica-labs.com\/de\/\"},{\"@type\":\"ListItem\",\"position\":2,\"name\":\"Wie man Vertica\u00ae anwendet\"}]},{\"@type\":\"WebSite\",\"@id\":\"https:\/\/vertica-labs.com\/de\/#website\",\"url\":\"https:\/\/vertica-labs.com\/de\/\",\"name\":\"de\",\"description\":\"ERLEBEN SIE EREKTILE UNABH\u00c4NGIGKEIT\",\"publisher\":{\"@id\":\"https:\/\/vertica-labs.com\/de\/#organization\"},\"potentialAction\":[{\"@type\":\"SearchAction\",\"target\":{\"@type\":\"EntryPoint\",\"urlTemplate\":\"https:\/\/vertica-labs.com\/de\/?s={search_term_string}\"},\"query-input\":{\"@type\":\"PropertyValueSpecification\",\"valueRequired\":true,\"valueName\":\"search_term_string\"}}],\"inLanguage\":\"en-US\"},{\"@type\":\"Organization\",\"@id\":\"https:\/\/vertica-labs.com\/de\/#organization\",\"name\":\"Vertica\u00ae\",\"url\":\"https:\/\/vertica-labs.com\/de\/\",\"logo\":{\"@type\":\"ImageObject\",\"inLanguage\":\"en-US\",\"@id\":\"https:\/\/vertica-labs.com\/de\/#\/schema\/logo\/image\/\",\"url\":\"https:\/\/vertica-labs.com\/de\/wp-content\/uploads\/sites\/13\/2022\/04\/vertica.png\",\"contentUrl\":\"https:\/\/vertica-labs.com\/de\/wp-content\/uploads\/sites\/13\/2022\/04\/vertica.png\",\"width\":180,\"height\":180,\"caption\":\"Vertica\u00ae\"},\"image\":{\"@id\":\"https:\/\/vertica-labs.com\/de\/#\/schema\/logo\/image\/\"},\"sameAs\":[\"https:\/\/www.facebook.com\/Vertica.labs\/\",\"https:\/\/x.com\/VerticaLabsIL\",\"https:\/\/www.instagram.com\/vertica_labs\/\",\"https:\/\/www.linkedin.com\/company\/ohhmed\/\",\"https:\/\/www.youtube.com\/channel\/UCbyWJR4i1Kl5AsmpM1dDxfA\"]}]}<\/script>\n<!-- \/ Yoast SEO Premium plugin. -->","yoast_head_json":{"title":"Wie man Vertica\u00ae anwendet - de","description":"Erfahren Sie, wie Sie Ihren K\u00f6rper trainieren und Ihre Erektion selbst\u00e4ndig und bequem von zu Hause aus verbessern k\u00f6nnen. Mehr erfahren \u00bb","robots":{"index":"index","follow":"follow","max-snippet":"max-snippet:-1","max-image-preview":"max-image-preview:large","max-video-preview":"max-video-preview:-1"},"canonical":"https:\/\/vertica-labs.com\/de\/how-to-use\/","og_locale":"en_US","og_type":"article","og_title":"Wie man Vertica\u00ae anwendet","og_description":"Erfahren Sie, wie Sie Ihren K\u00f6rper trainieren und Ihre Erektion selbst\u00e4ndig und bequem von zu Hause aus verbessern k\u00f6nnen. Mehr erfahren \u00bb","og_url":"https:\/\/vertica-labs.com\/de\/how-to-use\/","og_site_name":"de","article_publisher":"https:\/\/www.facebook.com\/Vertica.labs\/","article_modified_time":"2026-01-12T19:02:07+00:00","og_image":[{"width":82,"height":82,"url":"https:\/\/vertica-labs.com\/de\/wp-content\/uploads\/sites\/9\/2022\/01\/a_fu.png","type":"image\/png"}],"twitter_card":"summary_large_image","twitter_site":"@VerticaLabsIL","twitter_misc":{"Est. reading time":"1 minute"},"schema":{"@context":"https:\/\/schema.org","@graph":[{"@type":"WebPage","@id":"https:\/\/vertica-labs.com\/de\/how-to-use\/","url":"https:\/\/vertica-labs.com\/de\/how-to-use\/","name":"Wie man Vertica\u00ae anwendet - de","isPartOf":{"@id":"https:\/\/vertica-labs.com\/de\/#website"},"primaryImageOfPage":{"@id":"https:\/\/vertica-labs.com\/de\/how-to-use\/#primaryimage"},"image":{"@id":"https:\/\/vertica-labs.com\/de\/how-to-use\/#primaryimage"},"thumbnailUrl":"https:\/\/vertica-labs.com\/de\/wp-content\/uploads\/sites\/13\/2021\/11\/New-Project-14.jpg","datePublished":"2021-08-12T10:22:45+00:00","dateModified":"2026-01-12T19:02:07+00:00","description":"Erfahren Sie, wie Sie Ihren K\u00f6rper trainieren und Ihre Erektion selbst\u00e4ndig und bequem von zu Hause aus verbessern k\u00f6nnen. Mehr erfahren \u00bb","breadcrumb":{"@id":"https:\/\/vertica-labs.com\/de\/how-to-use\/#breadcrumb"},"inLanguage":"en-US","potentialAction":[{"@type":"ReadAction","target":["https:\/\/vertica-labs.com\/de\/how-to-use\/"]}]},{"@type":"ImageObject","inLanguage":"en-US","@id":"https:\/\/vertica-labs.com\/de\/how-to-use\/#primaryimage","url":"https:\/\/vertica-labs.com\/de\/wp-content\/uploads\/sites\/9\/2021\/11\/New-Project-14.jpg","contentUrl":"https:\/\/vertica-labs.com\/de\/wp-content\/uploads\/sites\/9\/2021\/11\/New-Project-14.jpg","width":618,"height":309,"caption":"Vertica\u00ae image gallery 7"},{"@type":"BreadcrumbList","@id":"https:\/\/vertica-labs.com\/de\/how-to-use\/#breadcrumb","itemListElement":[{"@type":"ListItem","position":1,"name":"Home","item":"https:\/\/vertica-labs.com\/de\/"},{"@type":"ListItem","position":2,"name":"Wie man Vertica\u00ae anwendet"}]},{"@type":"WebSite","@id":"https:\/\/vertica-labs.com\/de\/#website","url":"https:\/\/vertica-labs.com\/de\/","name":"de","description":"ERLEBEN SIE EREKTILE UNABH\u00c4NGIGKEIT","publisher":{"@id":"https:\/\/vertica-labs.com\/de\/#organization"},"potentialAction":[{"@type":"SearchAction","target":{"@type":"EntryPoint","urlTemplate":"https:\/\/vertica-labs.com\/de\/?s={search_term_string}"},"query-input":{"@type":"PropertyValueSpecification","valueRequired":true,"valueName":"search_term_string"}}],"inLanguage":"en-US"},{"@type":"Organization","@id":"https:\/\/vertica-labs.com\/de\/#organization","name":"Vertica\u00ae","url":"https:\/\/vertica-labs.com\/de\/","logo":{"@type":"ImageObject","inLanguage":"en-US","@id":"https:\/\/vertica-labs.com\/de\/#\/schema\/logo\/image\/","url":"https:\/\/vertica-labs.com\/de\/wp-content\/uploads\/sites\/13\/2022\/04\/vertica.png","contentUrl":"https:\/\/vertica-labs.com\/de\/wp-content\/uploads\/sites\/13\/2022\/04\/vertica.png","width":180,"height":180,"caption":"Vertica\u00ae"},"image":{"@id":"https:\/\/vertica-labs.com\/de\/#\/schema\/logo\/image\/"},"sameAs":["https:\/\/www.facebook.com\/Vertica.labs\/","https:\/\/x.com\/VerticaLabsIL","https:\/\/www.instagram.com\/vertica_labs\/","https:\/\/www.linkedin.com\/company\/ohhmed\/","https:\/\/www.youtube.com\/channel\/UCbyWJR4i1Kl5AsmpM1dDxfA"]}]}},"_links":{"self":[{"href":"https:\/\/vertica-labs.com\/de\/wp-json\/wp\/v2\/pages\/683","targetHints":{"allow":["GET"]}}],"collection":[{"href":"https:\/\/vertica-labs.com\/de\/wp-json\/wp\/v2\/pages"}],"about":[{"href":"https:\/\/vertica-labs.com\/de\/wp-json\/wp\/v2\/types\/page"}],"author":[{"embeddable":true,"href":"https:\/\/vertica-labs.com\/de\/wp-json\/wp\/v2\/users\/1"}],"replies":[{"embeddable":true,"href":"https:\/\/vertica-labs.com\/de\/wp-json\/wp\/v2\/comments?post=683"}],"version-history":[{"count":109,"href":"https:\/\/vertica-labs.com\/de\/wp-json\/wp\/v2\/pages\/683\/revisions"}],"predecessor-version":[{"id":181534,"href":"https:\/\/vertica-labs.com\/de\/wp-json\/wp\/v2\/pages\/683\/revisions\/181534"}],"wp:attachment":[{"href":"https:\/\/vertica-labs.com\/de\/wp-json\/wp\/v2\/media?parent=683"}],"curies":[{"name":"wp","href":"https:\/\/api.w.org\/{rel}","templated":true}]}}